{"id":149,"date":"2021-10-09T18:15:26","date_gmt":"2021-10-09T18:15:26","guid":{"rendered":"https:\/\/tunatheme.com\/tf\/wp\/autixir\/?page_id=149"},"modified":"2023-10-23T04:29:01","modified_gmt":"2023-10-23T04:29:01","slug":"iletisim","status":"publish","type":"page","link":"https:\/\/kardeslersanziman.com.tr\/index.php\/iletisim\/","title":{"rendered":"\u0130leti\u015fim"},"content":{"rendered":"\t\t<div data-elementor-type=\"wp-page\" data-elementor-id=\"149\" class=\"elementor elementor-149\">\n\t\t\t\t\t\t<section class=\"elementor-section elementor-top-section elementor-element elementor-element-4858426 elementor-section-full_width elementor-section-height-default elementor-section-height-default\" data-id=\"4858426\" data-element_type=\"section\">\n\t\t\t\t\t\t<div class=\"elementor-container elementor-column-gap-no\">\n\t\t\t\t\t<div class=\"elementor-column elementor-col-100 elementor-top-column elementor-element elementor-element-0b56232\" data-id=\"0b56232\" data-element_type=\"column\">\n\t\t\t<div class=\"elementor-widget-wrap\">\n\t\t\t\t\t\t\t<\/div>\n\t\t<\/div>\n\t\t\t\t\t<\/div>\n\t\t<\/section>\n\t\t\t\t<section class=\"elementor-section elementor-top-section elementor-element elementor-element-77faa2e ltn__contact-message-area mb-120 mb--100 elementor-section-boxed elementor-section-height-default elementor-section-height-default\" data-id=\"77faa2e\" data-element_type=\"section\">\n\t\t\t\t\t\t<div class=\"elementor-container elementor-column-gap-no\">\n\t\t\t\t\t<div class=\"elementor-column elementor-col-100 elementor-top-column elementor-element elementor-element-8423e83\" data-id=\"8423e83\" data-element_type=\"column\">\n\t\t\t<div class=\"elementor-widget-wrap elementor-element-populated\">\n\t\t\t\t\t\t<div class=\"elementor-element elementor-element-b80a0a9 ltn__form-box contact-form-box box-shadow white-bg elementor-widget elementor-widget-text-editor\" data-id=\"b80a0a9\" data-element_type=\"widget\" data-widget_type=\"text-editor.default\">\n\t\t\t\t<div class=\"elementor-widget-container\">\n\t\t\t<style>\/*! elementor - v3.21.0 - 30-04-2024 *\/\n.elementor-widget-text-editor.elementor-drop-cap-view-stacked .elementor-drop-cap{background-color:#69727d;color:#fff}.elementor-widget-text-editor.elementor-drop-cap-view-framed .elementor-drop-cap{color:#69727d;border:3px solid;background-color:transparent}.elementor-widget-text-editor:not(.elementor-drop-cap-view-default) .elementor-drop-cap{margin-top:8px}.elementor-widget-text-editor:not(.elementor-drop-cap-view-default) .elementor-drop-cap-letter{width:1em;height:1em}.elementor-widget-text-editor .elementor-drop-cap{float:left;text-align:center;line-height:1;font-size:50px}.elementor-widget-text-editor .elementor-drop-cap-letter{display:inline-block}<\/style>\t\t\t\t<h4 class=\"title-2\">Get A Quote<\/h4>\n\n<div class=\"wpcf7 no-js\" id=\"wpcf7-f52-o1\" lang=\"en-US\" dir=\"ltr\">\n<div class=\"screen-reader-response\"><p role=\"status\" aria-live=\"polite\" aria-atomic=\"true\"><\/p> <ul><\/ul><\/div>\n<form action=\"\/index.php\/wp-json\/wp\/v2\/pages\/149#wpcf7-f52-o1\" method=\"post\" class=\"wpcf7-form init\" aria-label=\"Contact form\" novalidate=\"novalidate\" data-status=\"init\">\n<div style=\"display: none;\">\n<input type=\"hidden\" name=\"_wpcf7\" value=\"52\" \/>\n<input type=\"hidden\" name=\"_wpcf7_version\" value=\"5.9.3\" \/>\n<input type=\"hidden\" name=\"_wpcf7_locale\" value=\"en_US\" \/>\n<input type=\"hidden\" name=\"_wpcf7_unit_tag\" value=\"wpcf7-f52-o1\" \/>\n<input type=\"hidden\" name=\"_wpcf7_container_post\" value=\"0\" \/>\n<input type=\"hidden\" name=\"_wpcf7_posted_data_hash\" value=\"\" \/>\n<\/div>\n<div class=\"row\">\n\t<div class=\"col-md-6\">\n\t\t<div class=\"input-item input-item-name ltn__custom-icon\">\n\t\t\t<p><span class=\"wpcf7-form-control-wrap\" data-name=\"your-name\"><input size=\"40\" class=\"wpcf7-form-control wpcf7-text wpcf7-validates-as-required\" aria-required=\"true\" aria-invalid=\"false\" placeholder=\"Enter your name\" value=\"\" type=\"text\" name=\"your-name\" \/><\/span>\n\t\t\t<\/p>\n\t\t<\/div>\n\t<\/div>\n\t<div class=\"col-md-6\">\n\t\t<div class=\"input-item input-item-email ltn__custom-icon\">\n\t\t\t<p><span class=\"wpcf7-form-control-wrap\" data-name=\"your-email\"><input size=\"40\" class=\"wpcf7-form-control wpcf7-email wpcf7-validates-as-required wpcf7-text wpcf7-validates-as-email\" aria-required=\"true\" aria-invalid=\"false\" placeholder=\"Enter email address\" value=\"\" type=\"email\" name=\"your-email\" \/><\/span>\n\t\t\t<\/p>\n\t\t<\/div>\n\t<\/div>\n\t<div class=\"col-md-6\">\n\t\t<div class=\"input-item\">\n\t\t\t<p><span class=\"wpcf7-form-control-wrap\" data-name=\"class:nice-select\"><select class=\"wpcf7-form-control wpcf7-select\" aria-invalid=\"false\" name=\"class:nice-select\"><option value=\"Select Service Type\">Select Service Type<\/option><option value=\"Car Repair\">Car Repair<\/option><option value=\"Engine Repairing\">Engine Repairing<\/option><option value=\"Oil Change\">Oil Change<\/option><option value=\"Car Wash\">Car Wash<\/option><\/select><\/span>\n\t\t\t<\/p>\n\t\t<\/div>\n\t<\/div>\n\t<div class=\"col-md-6\">\n\t\t<div class=\"input-item input-item-phone ltn__custom-icon\">\n\t\t\t<p><span class=\"wpcf7-form-control-wrap\" data-name=\"your-phone\"><input size=\"40\" class=\"wpcf7-form-control wpcf7-text wpcf7-validates-as-required\" aria-required=\"true\" aria-invalid=\"false\" placeholder=\"Enter phone number\" value=\"\" type=\"text\" name=\"your-phone\" \/><\/span>\n\t\t\t<\/p>\n\t\t<\/div>\n\t<\/div>\n<\/div>\n<div class=\"input-item input-item-textarea ltn__custom-icon\">\n\t<p><span class=\"wpcf7-form-control-wrap\" data-name=\"your-message\"><textarea cols=\"40\" rows=\"10\" class=\"wpcf7-form-control wpcf7-textarea\" aria-invalid=\"false\" placeholder=\"Enter message\" name=\"your-message\"><\/textarea><\/span>\n\t<\/p>\n<\/div>\n<p><label class=\"input-info-save mb-0\"><span class=\"wpcf7-form-control-wrap\" data-name=\"your-agree\"><span class=\"wpcf7-form-control wpcf7-checkbox wpcf7-validates-as-required\"><span class=\"wpcf7-list-item first last\"><label><input type=\"checkbox\" name=\"your-agree[]\" value=\"Save my name, email, and website in this browser for the next time I comment.\" \/><span class=\"wpcf7-list-item-label\">Save my name, email, and website in this browser for the next time I comment.<\/span><\/label><\/span><\/span><\/span><\/label>\n<\/p>\n<div class=\"btn-wrapper mt-0\">\n\t<p><button class=\"btn theme-btn-1 btn-effect-1 text-uppercase wpcf7-form-control has-spinner wpcf7-submit\" type=\"submit\">get an free service<\/button>\n\t<\/p>\n<\/div><div class=\"wpcf7-response-output\" aria-hidden=\"true\"><\/div>\n<\/form>\n<\/div>\n\t\t\t\t\t\t<\/div>\n\t\t\t\t<\/div>\n\t\t\t\t\t<\/div>\n\t\t<\/div>\n\t\t\t\t\t<\/div>\n\t\t<\/section>\n\t\t\t\t<section class=\"elementor-section elementor-top-section elementor-element elementor-element-534d516 elementor-section-full_width elementor-section-height-default elementor-section-height-default\" data-id=\"534d516\" data-element_type=\"section\">\n\t\t\t\t\t\t<div class=\"elementor-container elementor-column-gap-no\">\n\t\t\t\t\t<div class=\"elementor-column elementor-col-100 elementor-top-column elementor-element elementor-element-8f967f9\" data-id=\"8f967f9\" data-element_type=\"column\">\n\t\t\t<div class=\"elementor-widget-wrap elementor-element-populated\">\n\t\t\t\t\t\t<div class=\"elementor-element elementor-element-ffb2724 elementor-widget elementor-widget-google_maps\" data-id=\"ffb2724\" data-element_type=\"widget\" data-widget_type=\"google_maps.default\">\n\t\t\t\t<div class=\"elementor-widget-container\">\n\t\t\t<style>\/*! elementor - v3.21.0 - 30-04-2024 *\/\n.elementor-widget-google_maps .elementor-widget-container{overflow:hidden}.elementor-widget-google_maps .elementor-custom-embed{line-height:0}.elementor-widget-google_maps iframe{height:300px}<\/style>\t\t<div class=\"elementor-custom-embed\">\n\t\t\t<iframe loading=\"lazy\"\n\t\t\t\t\tsrc=\"https:\/\/maps.google.com\/maps?q=Osman%20Aks%C3%BCner%2C%20Mh.%205905%20Sk%20No%3A4%2FB%2C%20Karaba%C4%9Flar%2F%C4%B0zmir&#038;t=m&#038;z=10&#038;output=embed&#038;iwloc=near\"\n\t\t\t\t\ttitle=\"Osman Aks\u00fcner, Mh. 5905 Sk No:4\/B, Karaba\u011flar\/\u0130zmir\"\n\t\t\t\t\taria-label=\"Osman Aks\u00fcner, Mh. 5905 Sk No:4\/B, Karaba\u011flar\/\u0130zmir\"\n\t\t\t><\/iframe>\n\t\t<\/div>\n\t\t\t\t<\/div>\n\t\t\t\t<\/div>\n\t\t\t\t<div class=\"elementor-element elementor-element-f41670a elementor-widget elementor-widget-autixir_contact_box\" data-id=\"f41670a\" data-element_type=\"widget\" data-widget_type=\"autixir_contact_box.default\">\n\t\t\t\t<div class=\"elementor-widget-container\">\n\t\t\t<div class=\"ltn__contact-address-area mb-90 \">\r\n    <div class=\"container\">\r\n        <div class=\"row\">\r\n                    <div class=\"col-lg-4\">\r\n                <div class=\"ltn__contact-address-item ltn__contact-address-item-3 box-shadow\">\r\n                    <div class=\"ltn__contact-address-icon\">\r\n                    <img decoding=\"async\" width=\"90\" height=\"88\" src=\"https:\/\/kardeslersanziman.com.tr\/wp-content\/uploads\/2021\/10\/10-1.png\" class=\"attachment-full size-full\" alt=\"\" \/>                    <\/div>\r\n                    <h3>Email<\/h3>\r\n                    <p><br>info@kardeslersanziman.com.tr<\/p>\r\n                <\/div>\r\n            <\/div>\r\n                        <div class=\"col-lg-4\">\r\n                <div class=\"ltn__contact-address-item ltn__contact-address-item-3 box-shadow\">\r\n                    <div class=\"ltn__contact-address-icon\">\r\n                    <img decoding=\"async\" width=\"90\" height=\"87\" src=\"https:\/\/kardeslersanziman.com.tr\/wp-content\/uploads\/2021\/10\/11.png\" class=\"attachment-full size-full\" alt=\"\" \/>                    <\/div>\r\n                    <h3>Telefon Numaras\u0131<\/h3>\r\n                    <p><a href=\"tel:05334646535\">0 533 464 65 35 <br>T\u0131kla ve Ara<\/a><\/p>\r\n                <\/div>\r\n            <\/div>\r\n                        <div class=\"col-lg-4\">\r\n                <div class=\"ltn__contact-address-item ltn__contact-address-item-3 box-shadow\">\r\n                    <div class=\"ltn__contact-address-icon\">\r\n                    <img decoding=\"async\" width=\"90\" height=\"87\" src=\"https:\/\/kardeslersanziman.com.tr\/wp-content\/uploads\/2021\/10\/12.png\" class=\"attachment-full size-full\" alt=\"\" \/>                    <\/div>\r\n                    <h3>Adres<\/h3>\r\n                    <p>Osman Aks\u00fcner, Mh. 5905 Sk No:4\/B, Karaba\u011flar\/\u0130zmir\n<\/p>\r\n                <\/div>\r\n            <\/div>\r\n                    <\/div>\r\n    <\/div>\r\n<\/div>\r\n \t\t<\/div>\n\t\t\t\t<\/div>\n\t\t\t\t\t<\/div>\n\t\t<\/div>\n\t\t\t\t\t<\/div>\n\t\t<\/section>\n\t\t\t\t<\/div>\n\t\t","protected":false},"excerpt":{"rendered":"<p>Get A Quote Email info@kardeslersanziman.com.tr Telefon Numaras\u0131 0 533 464 65 35 T\u0131kla ve Ara Adres Osman Aks\u00fcner, Mh. 5905 Sk No:4\/B, Karaba\u011flar\/\u0130zmir<\/p>\n","protected":false},"author":1,"featured_media":0,"parent":0,"menu_order":0,"comment_status":"closed","ping_status":"closed","template":"elementor_header_footer","meta":{"footnotes":""},"class_list":["post-149","page","type-page","status-publish","hentry"],"_links":{"self":[{"href":"https:\/\/kardeslersanziman.com.tr\/index.php\/wp-json\/wp\/v2\/pages\/149"}],"collection":[{"href":"https:\/\/kardeslersanziman.com.tr\/index.php\/wp-json\/wp\/v2\/pages"}],"about":[{"href":"https:\/\/kardeslersanziman.com.tr\/index.php\/wp-json\/wp\/v2\/types\/page"}],"author":[{"embeddable":true,"href":"https:\/\/kardeslersanziman.com.tr\/index.php\/wp-json\/wp\/v2\/users\/1"}],"replies":[{"embeddable":true,"href":"https:\/\/kardeslersanziman.com.tr\/index.php\/wp-json\/wp\/v2\/comments?post=149"}],"version-history":[{"count":11,"href":"https:\/\/kardeslersanziman.com.tr\/index.php\/wp-json\/wp\/v2\/pages\/149\/revisions"}],"predecessor-version":[{"id":1334,"href":"https:\/\/kardeslersanziman.com.tr\/index.php\/wp-json\/wp\/v2\/pages\/149\/revisions\/1334"}],"wp:attachment":[{"href":"https:\/\/kardeslersanziman.com.tr\/index.php\/wp-json\/wp\/v2\/media?parent=149"}],"curies":[{"name":"wp","href":"https:\/\/api.w.org\/{rel}","templated":true}]}}