{"id":145,"date":"2021-10-09T18:14:33","date_gmt":"2021-10-09T18:14:33","guid":{"rendered":"https:\/\/tunatheme.com\/tf\/wp\/autixir\/?page_id=145"},"modified":"2022-10-24T00:14:12","modified_gmt":"2022-10-24T00:14:12","slug":"hizmetlerimiz","status":"publish","type":"page","link":"https:\/\/kardeslersanziman.com.tr\/index.php\/hizmetlerimiz\/","title":{"rendered":"Hizmetlerimiz"},"content":{"rendered":"\t\t<div data-elementor-type=\"wp-page\" data-elementor-id=\"145\" class=\"elementor elementor-145\">\n\t\t\t\t\t\t<section class=\"elementor-section elementor-top-section elementor-element elementor-element-162d7b8 elementor-section-full_width elementor-section-height-default elementor-section-height-default\" data-id=\"162d7b8\" data-element_type=\"section\">\n\t\t\t\t\t\t<div class=\"elementor-container elementor-column-gap-no\">\n\t\t\t\t\t<div class=\"elementor-column elementor-col-100 elementor-top-column elementor-element elementor-element-8a6eff6\" data-id=\"8a6eff6\" data-element_type=\"column\">\n\t\t\t<div class=\"elementor-widget-wrap elementor-element-populated\">\n\t\t\t\t\t\t<div class=\"elementor-element elementor-element-dc635e8 elementor-widget elementor-widget-autixir_about_us\" data-id=\"dc635e8\" data-element_type=\"widget\" data-widget_type=\"autixir_about_us.default\">\n\t\t\t\t<div class=\"elementor-widget-container\">\n\t\t\t        <div class=\"ltn__about-us-area pt-120-- pb-120\">\r\n        <div class=\"container\">\r\n            <div class=\"row\">\r\n                <div class=\"col-lg-6 align-self-center\">\r\n                    <div class=\"about-us-img-wrap about-img-left\">\r\n                        <img fetchpriority=\"high\" decoding=\"async\" width=\"600\" height=\"600\" src=\"https:\/\/kardeslersanziman.com.tr\/wp-content\/uploads\/2021\/10\/4-1.jpg\" class=\"attachment-full size-full\" alt=\"\" srcset=\"https:\/\/kardeslersanziman.com.tr\/wp-content\/uploads\/2021\/10\/4-1.jpg 600w, https:\/\/kardeslersanziman.com.tr\/wp-content\/uploads\/2021\/10\/4-1-300x300.jpg 300w, https:\/\/kardeslersanziman.com.tr\/wp-content\/uploads\/2021\/10\/4-1-150x150.jpg 150w, https:\/\/kardeslersanziman.com.tr\/wp-content\/uploads\/2021\/10\/4-1-80x80.jpg 80w\" sizes=\"(max-width: 600px) 100vw, 600px\" \/>                        <div class=\"about-us-img-info about-us-img-info-2\">\r\n                            <div class=\"about-us-img-info-inner\">\r\n                                <h1>25<span>+<\/span><\/h1>\r\n                                <h6>Years Experience<\/h6>\r\n                            <\/div>\r\n                        <\/div>\r\n                    <\/div>\r\n                <\/div>\r\n                <div class=\"col-lg-6 align-self-center\">\r\n                    <div class=\"about-us-info-wrap\">\r\n                        <div class=\"section-title-area ltn__section-title-2\">\r\n                            <h6 class=\"section-subtitle ltn__secondary-color\">\u0130ZM\u0130R \u015eANZIMAN USTASI<\/h6>\r\n                            <h1 class=\"section-title\">G\u00fcvenli\u011finiz Birinci \u00d6nceli\u011fimizdir<span>.<\/span><\/h1>\r\n                            <p>Arac\u0131n\u0131z\u0131n onar\u0131ma ihtiyac\u0131 oldu\u011funda,  \u0130zmir \u015eanz\u0131man uzmanlar\u0131na ba\u015fvurun. Bir ar\u0131za ya\u015fad\u0131ysan\u0131z veya bir \u015feylerin do\u011fru olmad\u0131\u011f\u0131n\u0131 biliyor olsan\u0131z da, \u0130zmir \u015eanz\u0131man, Karaba\u011flarda size yard\u0131m etmek i\u00e7in haz\u0131r. Arac\u0131n\u0131z\u0131 tekrar yola \u00e7\u0131karmak i\u00e7in bug\u00fcn ekibimizle ileti\u015fime ge\u00e7in!<\/p>\r\n                        <\/div>\r\n                        <p><\/p>\r\n                        <div class=\"btn-wrapper\">\r\n                            <a href=\"https:\/\/izmirsanziman.com\/index.php\/iletisim\/\" class=\"theme-btn-3 btn btn-effect-4\">Hemen Aray\u0131n<\/a>\r\n                        <\/div>\r\n                    <\/div>\r\n                <\/div>\r\n            <\/div>\r\n        <\/div>\r\n    <\/div>\r\n    \t\t<\/div>\n\t\t\t\t<\/div>\n\t\t\t\t\t<\/div>\n\t\t<\/div>\n\t\t\t\t\t<\/div>\n\t\t<\/section>\n\t\t\t\t<section class=\"elementor-section elementor-top-section elementor-element elementor-element-15eedf3 elementor-section-full_width elementor-section-height-default elementor-section-height-default\" data-id=\"15eedf3\" data-element_type=\"section\">\n\t\t\t\t\t\t<div class=\"elementor-container elementor-column-gap-no\">\n\t\t\t\t\t<div class=\"elementor-column elementor-col-100 elementor-top-column elementor-element elementor-element-7bd1c2b\" data-id=\"7bd1c2b\" data-element_type=\"column\">\n\t\t\t<div class=\"elementor-widget-wrap elementor-element-populated\">\n\t\t\t\t\t\t<div class=\"elementor-element elementor-element-40a3b65 elementor-widget elementor-widget-autixir_why_choose_us\" data-id=\"40a3b65\" data-element_type=\"widget\" data-widget_type=\"autixir_why_choose_us.default\">\n\t\t\t\t<div class=\"elementor-widget-container\">\n\t\t\t      <div class=\"ltn__feature-area section-bg-1 pt-115 pb-90 \">\r\n        <div class=\"container\">\r\n            <div class=\"row\">\r\n                <div class=\"col-lg-12\">\r\n                    <div class=\"section-title-area ltn__section-title-2 text-center\">\r\n                        <h6 class=\"section-subtitle ltn__secondary-color\">\/\/  Hizmetlerimiz  \/\/<\/h6>\r\n                        <h1 class=\"section-title\">Arac\u0131n\u0131z\u0131n B\u00fct\u00fcn Bak\u0131mlar\u0131n\u0131 Yapal\u0131m<span>.<\/span><\/h1>\r\n                    <\/div>\r\n                <\/div>\r\n            <\/div>\r\n            <div class=\"row justify-content-center\">\r\n                            <div class=\"col-lg-4 col-sm-6 col-12\">\r\n                    <div class=\"ltn__feature-item ltn__feature-item-7\">\r\n                        <div class=\"ltn__feature-icon-title\">\r\n                            <div class=\"ltn__feature-icon\">\r\n                                <span><i class=\" icon-car-parts-3\"><\/i><\/span>\r\n                            <\/div>\r\n                            <h3><a href=\"\">Motor ve \u015eanz\u0131man Tamiri<\/a><\/h3>\r\n                        <\/div>\r\n                        <div class=\"ltn__feature-info\">\r\n                            <p>Arac\u0131n\u0131z\u0131n ar\u0131za tespitini yap\u0131yor, ayn\u0131 g\u00fcn i\u00e7inde teslim ediyoruz.<\/p>\r\n                        <\/div>\r\n                    <\/div>\r\n                <\/div>\r\n                                <div class=\"col-lg-4 col-sm-6 col-12\">\r\n                    <div class=\"ltn__feature-item ltn__feature-item-7\">\r\n                        <div class=\"ltn__feature-icon-title\">\r\n                            <div class=\"ltn__feature-icon\">\r\n                                <span><i class=\" icon-mechanic\"><\/i><\/span>\r\n                            <\/div>\r\n                            <h3><a href=\"\">Uzman Kadro<\/a><\/h3>\r\n                        <\/div>\r\n                        <div class=\"ltn__feature-info\">\r\n                            <p>25 Y\u0131ll\u0131k deneyimiyle \u0130zmir \u015eanz\u0131man ekibi arac\u0131n\u0131z\u0131 eski sa\u011fl\u0131\u011f\u0131na 24 saatte kavu\u015fturuyor.<\/p>\r\n                        <\/div>\r\n                    <\/div>\r\n                <\/div>\r\n                                <div class=\"col-lg-4 col-sm-6 col-12\">\r\n                    <div class=\"ltn__feature-item ltn__feature-item-7\">\r\n                        <div class=\"ltn__feature-icon-title\">\r\n                            <div class=\"ltn__feature-icon\">\r\n                                <span><i class=\" icon-repair\"><\/i><\/span>\r\n                            <\/div>\r\n                            <h3><a href=\"\">Kapsaml\u0131 Ara\u00e7 Servisi<\/a><\/h3>\r\n                        <\/div>\r\n                        <div class=\"ltn__feature-info\">\r\n                            <p>Arac\u0131n\u0131z\u0131n b\u00fct\u00fcn ihtiya\u00e7lar\u0131n\u0131 eksiksiz yerine getirerek, arac\u0131n\u0131z\u0131 eski sa\u011fl\u0131\u011f\u0131na kavu\u015fturuyoruz.<\/p>\r\n                        <\/div>\r\n                    <\/div>\r\n                <\/div>\r\n                 \r\n            <\/div>\r\n        <\/div>\r\n    <\/div>\r\n    \t\t<\/div>\n\t\t\t\t<\/div>\n\t\t\t\t\t<\/div>\n\t\t<\/div>\n\t\t\t\t\t<\/div>\n\t\t<\/section>\n\t\t\t\t<section class=\"elementor-section elementor-top-section elementor-element elementor-element-78a8f51 elementor-section-full_width call-to-action-area call-to-action-5 bg-image bg-overlay-theme-90 pt-40 pb-25 elementor-section-height-default elementor-section-height-default\" data-id=\"78a8f51\" data-element_type=\"section\" data-settings=\"{&quot;background_background&quot;:&quot;classic&quot;}\">\n\t\t\t\t\t\t<div class=\"elementor-container elementor-column-gap-no\">\n\t\t\t\t\t<div class=\"elementor-column elementor-col-100 elementor-top-column elementor-element elementor-element-dd1bfb4\" data-id=\"dd1bfb4\" data-element_type=\"column\">\n\t\t\t<div class=\"elementor-widget-wrap elementor-element-populated\">\n\t\t\t\t\t\t<div class=\"elementor-element elementor-element-69dd0de elementor-widget elementor-widget-html\" data-id=\"69dd0de\" data-element_type=\"widget\" data-widget_type=\"html.default\">\n\t\t\t\t<div class=\"elementor-widget-container\">\n\t\t\t<div class=\"call-to-action-inner call-to-action-inner-5 text-center\">\r\n <h2 class=\"white-color text-decoration\">7\/24 Ula\u015fabilirsiniz, Bize Ula\u015f\u0131n<\/a><\/h2>\r\n<\/div>\t\t<\/div>\n\t\t\t\t<\/div>\n\t\t\t\t\t<\/div>\n\t\t<\/div>\n\t\t\t\t\t<\/div>\n\t\t<\/section>\n\t\t\t\t<section class=\"elementor-section elementor-top-section elementor-element elementor-element-0c847cc elementor-section-full_width elementor-section-height-default elementor-section-height-default\" data-id=\"0c847cc\" data-element_type=\"section\">\n\t\t\t\t\t\t<div class=\"elementor-container elementor-column-gap-no\">\n\t\t\t\t\t<div class=\"elementor-column elementor-col-100 elementor-top-column elementor-element elementor-element-6cf8548\" data-id=\"6cf8548\" data-element_type=\"column\">\n\t\t\t<div class=\"elementor-widget-wrap elementor-element-populated\">\n\t\t\t\t\t\t<div class=\"elementor-element elementor-element-e81e4d1 elementor-widget elementor-widget-autixir_skill\" data-id=\"e81e4d1\" data-element_type=\"widget\" data-widget_type=\"autixir_skill.default\">\n\t\t\t\t<div class=\"elementor-widget-container\">\n\t\t\t        <div class=\"ltn__progress-bar-area before-bg-right pt-115 pb-95\">\r\n        <div class=\"container\">\r\n            <div class=\"row\">\r\n                <div class=\"col-lg-6\">\r\n                    <div class=\"ltn__progress-bar-wrap\">\r\n                        <div class=\"section-title-area ltn__section-title-2\">\r\n                            <h6 class=\"section-subtitle ltn__secondary-color\">\/\/ \u0130zmir \u015eanz\u0131man<\/h6>\r\n                            <h1 class=\"section-title\">\u0130zmir'in En \u0130yi \u015eanz\u0131man Ustalar\u0131<span>.<\/span><\/h1>\r\n                            <p>-<\/p>\r\n                        <\/div>\r\n                        <div class=\"ltn__progress-bar-inner\">\r\n                                                    <div class=\"ltn__progress-bar-item\">\r\n                                <p>\u015eanz\u0131man Tamiri<\/p>\r\n                                <div class=\"progress\">\r\n                                    <div class=\"progress-bar wow fadeInLeft\" data-wow-duration=\"0.5s\" data-wow-delay=\".5s\" role=\"progressbar\" style=\"width: 100%\">\r\n                                        <span>100%<\/span>\r\n                                    <\/div>\r\n                                <\/div>\r\n                            <\/div>\r\n                                                        <div class=\"ltn__progress-bar-item\">\r\n                                <p>Ara\u00e7 Par\u00e7a Teminat\u0131<\/p>\r\n                                <div class=\"progress\">\r\n                                    <div class=\"progress-bar wow fadeInLeft\" data-wow-duration=\"0.5s\" data-wow-delay=\".5s\" role=\"progressbar\" style=\"width: 100%\">\r\n                                        <span>100%<\/span>\r\n                                    <\/div>\r\n                                <\/div>\r\n                            <\/div>\r\n                                                        <div class=\"ltn__progress-bar-item\">\r\n                                <p>Genel Ara\u00e7 Bak\u0131m\u0131<\/p>\r\n                                <div class=\"progress\">\r\n                                    <div class=\"progress-bar wow fadeInLeft\" data-wow-duration=\"0.5s\" data-wow-delay=\".5s\" role=\"progressbar\" style=\"width: 100%\">\r\n                                        <span>100%<\/span>\r\n                                    <\/div>\r\n                                <\/div>\r\n                            <\/div>\r\n                                                    <\/div>\r\n                    <\/div>\r\n                <\/div>\r\n                <div class=\"col-lg-6 align-self-center\">\r\n                    <div class=\"ltn__video-bg-img ltn__video-popup-height-500 bg-overlay-black-50-- bg-image ml-30\" data-bs-bg=\"https:\/\/kardeslersanziman.com.tr\/wp-content\/uploads\/2021\/10\/5-2.jpg\">\r\n                        <a class=\"ltn__video-icon-2 ltn__video-icon-2-border---\" href=\"\" data-rel=\"lightcase:myCollection\">\r\n                            <i class=\"fa fa-play\"><\/i>\r\n                        <\/a>\r\n                    <\/div>\r\n                <\/div>\r\n            <\/div>\r\n        <\/div>\r\n    <\/div>\r\n    \t\t<\/div>\n\t\t\t\t<\/div>\n\t\t\t\t\t<\/div>\n\t\t<\/div>\n\t\t\t\t\t<\/div>\n\t\t<\/section>\n\t\t\t\t<\/div>\n\t\t","protected":false},"excerpt":{"rendered":"<p>25+ Years Experience \u0130ZM\u0130R \u015eANZIMAN USTASI G\u00fcvenli\u011finiz Birinci \u00d6nceli\u011fimizdir. Arac\u0131n\u0131z\u0131n onar\u0131ma ihtiyac\u0131 oldu\u011funda, \u0130zmir \u015eanz\u0131man uzmanlar\u0131na ba\u015fvurun. Bir ar\u0131za ya\u015fad\u0131ysan\u0131z veya bir \u015feylerin do\u011fru olmad\u0131\u011f\u0131n\u0131 biliyor olsan\u0131z da, \u0130zmir \u015eanz\u0131man, Karaba\u011flarda size yard\u0131m etmek i\u00e7in haz\u0131r. Arac\u0131n\u0131z\u0131 tekrar yola \u00e7\u0131karmak i\u00e7in bug\u00fcn ekibimizle ileti\u015fime ge\u00e7in! Hemen Aray\u0131n \/\/ Hizmetlerimiz \/\/ Arac\u0131n\u0131z\u0131n B\u00fct\u00fcn Bak\u0131mlar\u0131n\u0131 Yapal\u0131m. Motor [&hellip;]<\/p>\n","protected":false},"author":1,"featured_media":0,"parent":0,"menu_order":0,"comment_status":"closed","ping_status":"closed","template":"elementor_header_footer","meta":{"footnotes":""},"class_list":["post-145","page","type-page","status-publish","hentry"],"_links":{"self":[{"href":"https:\/\/kardeslersanziman.com.tr\/index.php\/wp-json\/wp\/v2\/pages\/145"}],"collection":[{"href":"https:\/\/kardeslersanziman.com.tr\/index.php\/wp-json\/wp\/v2\/pages"}],"about":[{"href":"https:\/\/kardeslersanziman.com.tr\/index.php\/wp-json\/wp\/v2\/types\/page"}],"author":[{"embeddable":true,"href":"https:\/\/kardeslersanziman.com.tr\/index.php\/wp-json\/wp\/v2\/users\/1"}],"replies":[{"embeddable":true,"href":"https:\/\/kardeslersanziman.com.tr\/index.php\/wp-json\/wp\/v2\/comments?post=145"}],"version-history":[{"count":5,"href":"https:\/\/kardeslersanziman.com.tr\/index.php\/wp-json\/wp\/v2\/pages\/145\/revisions"}],"predecessor-version":[{"id":1305,"href":"https:\/\/kardeslersanziman.com.tr\/index.php\/wp-json\/wp\/v2\/pages\/145\/revisions\/1305"}],"wp:attachment":[{"href":"https:\/\/kardeslersanziman.com.tr\/index.php\/wp-json\/wp\/v2\/media?parent=145"}],"curies":[{"name":"wp","href":"https:\/\/api.w.org\/{rel}","templated":true}]}}